{"id":11,"date":"2025-05-31T22:56:47","date_gmt":"2025-06-01T01:56:47","guid":{"rendered":"http:\/\/persimaster.com.br\/?page_id=11"},"modified":"2025-07-01T19:11:45","modified_gmt":"2025-07-01T22:11:45","slug":"user-header-header","status":"publish","type":"page","link":"https:\/\/persistylle.com.br\/?page_id=11","title":{"rendered":"Sobre N\u00f3s"},"content":{"rendered":"\t\t<div data-elementor-type=\"wp-page\" data-elementor-id=\"11\" class=\"elementor elementor-11\">\n\t\t\t\t<div class=\"elementor-element elementor-element-a7fbf3e e-flex e-con-boxed wpr-particle-no wpr-jarallax-no wpr-parallax-no wpr-sticky-section-no e-con e-parent\" data-id=\"a7fbf3e\" data-element_type=\"container\" data-settings=\"{&quot;background_background&quot;:&quot;classic&quot;}\">\n\t\t\t\t\t<div class=\"e-con-inner\">\n\t\t\t\t<div class=\"elementor-element elementor-element-e923b2e elementor-widget elementor-widget-heading\" data-id=\"e923b2e\" data-element_type=\"widget\" data-widget_type=\"heading.default\">\n\t\t\t\t<div class=\"elementor-widget-container\">\n\t\t\t\t\t<h2 class=\"elementor-heading-title elementor-size-default\">Sobre N\u00f3s <\/h2>\t\t\t\t<\/div>\n\t\t\t\t<\/div>\n\t\t\t\t\t<\/div>\n\t\t\t\t<\/div>\n\t\t<div class=\"elementor-element elementor-element-486f143 e-flex e-con-boxed wpr-particle-no wpr-jarallax-no wpr-parallax-no wpr-sticky-section-no e-con e-parent\" data-id=\"486f143\" data-element_type=\"container\">\n\t\t\t\t\t<div class=\"e-con-inner\">\n\t\t<div class=\"elementor-element elementor-element-ac7be06 e-con-full e-flex wpr-particle-no wpr-jarallax-no wpr-parallax-no wpr-sticky-section-no e-con e-child\" data-id=\"ac7be06\" data-element_type=\"container\">\n\t\t<div class=\"elementor-element elementor-element-092c81b e-con-full e-flex wpr-particle-no wpr-jarallax-no wpr-parallax-no wpr-sticky-section-no e-con e-child\" data-id=\"092c81b\" data-element_type=\"container\">\n\t\t\t\t<div class=\"elementor-element elementor-element-05b25f4 elementor-widget elementor-widget-heading\" data-id=\"05b25f4\" data-element_type=\"widget\" data-widget_type=\"heading.default\">\n\t\t\t\t<div class=\"elementor-widget-container\">\n\t\t\t\t\t<h2 class=\"elementor-heading-title elementor-size-default\">Conhe\u00e7a a PersiStyle<\/h2>\t\t\t\t<\/div>\n\t\t\t\t<\/div>\n\t\t\t\t<div class=\"elementor-element elementor-element-baae457 elementor-widget elementor-widget-heading\" data-id=\"baae457\" data-element_type=\"widget\" data-widget_type=\"heading.default\">\n\t\t\t\t<div class=\"elementor-widget-container\">\n\t\t\t\t\t<h2 class=\"elementor-heading-title elementor-size-default\">Fabrica de Persianas em PORTO ALEGRE<\/h2>\t\t\t\t<\/div>\n\t\t\t\t<\/div>\n\t\t\t\t<div class=\"elementor-element elementor-element-6f662cc elementor-widget elementor-widget-text-editor\" data-id=\"6f662cc\" data-element_type=\"widget\" data-widget_type=\"text-editor.default\">\n\t\t\t\t<div class=\"elementor-widget-container\">\n\t\t\t\t\t\t\t\t\t<p data-start=\"277\" data-end=\"652\">A <strong data-start=\"279\" data-end=\"316\">PersiStyle \u2013 Cortinas &amp; Persianas<\/strong> \u00e9 uma empresa especializada em <strong data-start=\"348\" data-end=\"432\">conserto, manuten\u00e7\u00e3o, fabrica\u00e7\u00e3o e instala\u00e7\u00e3o de persianas e cortinas sob medida<\/strong>, atuando com excel\u00eancia, compromisso e aten\u00e7\u00e3o aos detalhes. Com sede em <strong data-start=\"506\" data-end=\"522\">Porto Alegre<\/strong>, atendemos toda a regi\u00e3o com agilidade, pontualidade e um atendimento personalizado que valoriza as necessidades de cada cliente.<\/p><p data-start=\"654\" data-end=\"957\">Desde o in\u00edcio da nossa trajet\u00f3ria, nos destacamos pelo cuidado em cada projeto, seja em ambientes residenciais, comerciais ou corporativos. Nossa miss\u00e3o \u00e9 <strong data-start=\"810\" data-end=\"854\">entregar solu\u00e7\u00f5es funcionais e est\u00e9ticas<\/strong>, com alto padr\u00e3o de acabamento, utilizando <strong data-start=\"898\" data-end=\"924\">materiais de qualidade<\/strong> e <strong data-start=\"927\" data-end=\"956\">m\u00e3o de obra especializada<\/strong>.<\/p><p data-start=\"959\" data-end=\"1235\">Nosso diferencial est\u00e1 no atendimento pr\u00f3ximo e humano: escutamos, orientamos e desenvolvemos solu\u00e7\u00f5es que realmente fazem sentido para quem nos procura. Trabalhamos com agilidade, <strong data-start=\"1140\" data-end=\"1174\">cumprimos prazos rigorosamente<\/strong> e prezamos pela transpar\u00eancia em todas as etapas do servi\u00e7o.<\/p><p data-start=\"1237\" data-end=\"1445\">Al\u00e9m dos consertos, oferecemos fabrica\u00e7\u00e3o sob medida, substitui\u00e7\u00e3o de pe\u00e7as, revitaliza\u00e7\u00e3o de mecanismos e consultoria para escolha de modelos e tecidos, sempre com foco em praticidade, durabilidade e beleza.<\/p><h3 data-start=\"1447\" data-end=\"1472\"><strong data-start=\"1451\" data-end=\"1472\">Nosso Compromisso<\/strong><\/h3><ul data-start=\"1473\" data-end=\"1657\"><li data-start=\"1473\" data-end=\"1502\"><p data-start=\"1475\" data-end=\"1502\">Qualidade em cada detalhe<\/p><\/li><li data-start=\"1503\" data-end=\"1532\"><p data-start=\"1505\" data-end=\"1532\">Atendimento personalizado<\/p><\/li><li data-start=\"1533\" data-end=\"1569\"><p data-start=\"1535\" data-end=\"1569\">Respeito aos prazos e ao cliente<\/p><\/li><li data-start=\"1570\" data-end=\"1614\"><p data-start=\"1572\" data-end=\"1614\">Solu\u00e7\u00f5es inteligentes para cada ambiente<\/p><\/li><li data-start=\"1615\" data-end=\"1657\"><p data-start=\"1617\" data-end=\"1657\">Excel\u00eancia no acabamento e na instala\u00e7\u00e3o<\/p><\/li><\/ul><p data-start=\"1659\" data-end=\"1866\">Seja para renovar um ambiente, restaurar uma persiana antiga ou instalar um novo projeto, a <strong data-start=\"1751\" data-end=\"1788\">PersiStyle \u2013 Cortinas &amp; Persianas<\/strong> est\u00e1 pronta para entregar <strong data-start=\"1815\" data-end=\"1847\">confian\u00e7a, conforto e estilo<\/strong> para o seu espa\u00e7o.<\/p>\t\t\t\t\t\t\t\t<\/div>\n\t\t\t\t<\/div>\n\t\t\t\t<div class=\"elementor-element elementor-element-06fd500 elementor-align-center elementor-widget elementor-widget-button\" data-id=\"06fd500\" data-element_type=\"widget\" data-widget_type=\"button.default\">\n\t\t\t\t<div class=\"elementor-widget-container\">\n\t\t\t\t\t\t\t\t\t<div class=\"elementor-button-wrapper\">\n\t\t\t\t\t<a class=\"elementor-button elementor-button-link elementor-size-sm elementor-animation-shrink\" href=\"https:\/\/api.whatsapp.com\/send\/?phone=5551994416241&#038;text=Ol%C3%A1+gostaria+de+mais+informa%C3%A7%C3%B5es%21&#038;type=phone_number&#038;app_absent=0\" target=\"_blank\" rel=\"noopener\">\n\t\t\t\t\t\t<span class=\"elementor-button-content-wrapper\">\n\t\t\t\t\t\t<span class=\"elementor-button-icon\">\n\t\t\t\t<svg aria-hidden=\"true\" class=\"e-font-icon-svg e-fab-whatsapp\" viewBox=\"0 0 448 512\" xmlns=\"http:\/\/www.w3.org\/2000\/svg\"><path d=\"M380.9 97.1C339 55.1 283.2 32 223.9 32c-122.4 0-222 99.6-222 222 0 39.1 10.2 77.3 29.6 111L0 480l117.7-30.9c32.4 17.7 68.9 27 106.1 27h.1c122.3 0 224.1-99.6 224.1-222 0-59.3-25.2-115-67.1-157zm-157 341.6c-33.2 0-65.7-8.9-94-25.7l-6.7-4-69.8 18.3L72 359.2l-4.4-7c-18.5-29.4-28.2-63.3-28.2-98.2 0-101.7 82.8-184.5 184.6-184.5 49.3 0 95.6 19.2 130.4 54.1 34.8 34.9 56.2 81.2 56.1 130.5 0 101.8-84.9 184.6-186.6 184.6zm101.2-138.2c-5.5-2.8-32.8-16.2-37.9-18-5.1-1.9-8.8-2.8-12.5 2.8-3.7 5.6-14.3 18-17.6 21.8-3.2 3.7-6.5 4.2-12 1.4-32.6-16.3-54-29.1-75.5-66-5.7-9.8 5.7-9.1 16.3-30.3 1.8-3.7.9-6.9-.5-9.7-1.4-2.8-12.5-30.1-17.1-41.2-4.5-10.8-9.1-9.3-12.5-9.5-3.2-.2-6.9-.2-10.6-.2-3.7 0-9.7 1.4-14.8 6.9-5.1 5.6-19.4 19-19.4 46.3 0 27.3 19.9 53.7 22.6 57.4 2.8 3.7 39.1 59.7 94.8 83.8 35.2 15.2 49 16.5 66.6 13.9 10.7-1.6 32.8-13.4 37.4-26.4 4.6-13 4.6-24.1 3.2-26.4-1.3-2.5-5-3.9-10.5-6.6z\"><\/path><\/svg>\t\t\t<\/span>\n\t\t\t\t\t\t\t\t\t<span class=\"elementor-button-text\">Solicitar Or\u00e7amento<\/span>\n\t\t\t\t\t<\/span>\n\t\t\t\t\t<\/a>\n\t\t\t\t<\/div>\n\t\t\t\t\t\t\t\t<\/div>\n\t\t\t\t<\/div>\n\t\t\t\t<\/div>\n\t\t<div class=\"elementor-element elementor-element-0118a6d e-con-full e-flex wpr-particle-no wpr-jarallax-no wpr-parallax-no wpr-sticky-section-no e-con e-child\" data-id=\"0118a6d\" data-element_type=\"container\">\n\t\t\t\t<div class=\"elementor-element elementor-element-51aaf67 elementor-widget elementor-widget-image\" data-id=\"51aaf67\" data-element_type=\"widget\" data-widget_type=\"image.default\">\n\t\t\t\t<div class=\"elementor-widget-container\">\n\t\t\t\t\t\t\t\t\t\t\t\t\t\t\t<img fetchpriority=\"high\" decoding=\"async\" width=\"1500\" height=\"1000\" src=\"https:\/\/persistylle.com.br\/wp-content\/uploads\/2025\/07\/Design-sem-nome-2.gif\" class=\"attachment-full size-full wp-image-360\" alt=\"\" \/>\t\t\t\t\t\t\t\t\t\t\t\t\t\t\t<\/div>\n\t\t\t\t<\/div>\n\t\t\t\t<\/div>\n\t\t\t\t<\/div>\n\t\t\t\t\t<\/div>\n\t\t\t\t<\/div>\n\t\t<div class=\"elementor-element elementor-element-a94cad6 e-grid e-con-boxed wpr-particle-no wpr-jarallax-no wpr-parallax-no wpr-sticky-section-no e-con e-parent\" data-id=\"a94cad6\" data-element_type=\"container\">\n\t\t\t\t\t<div class=\"e-con-inner\">\n\t\t\t\t<div class=\"elementor-element elementor-element-73c2599 elementor-widget elementor-widget-counter\" data-id=\"73c2599\" data-element_type=\"widget\" data-widget_type=\"counter.default\">\n\t\t\t\t<div class=\"elementor-widget-container\">\n\t\t\t\t\t\t\t<div class=\"elementor-counter\">\n\t\t\t<div class=\"elementor-counter-title\">Clientes Satisfeitos<\/div>\t\t\t<div class=\"elementor-counter-number-wrapper\">\n\t\t\t\t<span class=\"elementor-counter-number-prefix\">+<\/span>\n\t\t\t\t<span class=\"elementor-counter-number\" data-duration=\"2000\" data-to-value=\"1000\" data-from-value=\"0\" data-delimiter=\",\">0<\/span>\n\t\t\t\t<span class=\"elementor-counter-number-suffix\"><\/span>\n\t\t\t<\/div>\n\t\t<\/div>\n\t\t\t\t\t\t<\/div>\n\t\t\t\t<\/div>\n\t\t\t\t<div class=\"elementor-element elementor-element-d778681 elementor-widget elementor-widget-counter\" data-id=\"d778681\" data-element_type=\"widget\" data-widget_type=\"counter.default\">\n\t\t\t\t<div class=\"elementor-widget-container\">\n\t\t\t\t\t\t\t<div class=\"elementor-counter\">\n\t\t\t<div class=\"elementor-counter-title\">Projetos Realizados <\/div>\t\t\t<div class=\"elementor-counter-number-wrapper\">\n\t\t\t\t<span class=\"elementor-counter-number-prefix\"><\/span>\n\t\t\t\t<span class=\"elementor-counter-number\" data-duration=\"2000\" data-to-value=\"1000\" data-from-value=\"0\" data-delimiter=\",\">0<\/span>\n\t\t\t\t<span class=\"elementor-counter-number-suffix\"><\/span>\n\t\t\t<\/div>\n\t\t<\/div>\n\t\t\t\t\t\t<\/div>\n\t\t\t\t<\/div>\n\t\t\t\t<div class=\"elementor-element elementor-element-ffd50cb elementor-widget elementor-widget-counter\" data-id=\"ffd50cb\" data-element_type=\"widget\" data-widget_type=\"counter.default\">\n\t\t\t\t<div class=\"elementor-widget-container\">\n\t\t\t\t\t\t\t<div class=\"elementor-counter\">\n\t\t\t<div class=\"elementor-counter-title\">Obras Entregues<\/div>\t\t\t<div class=\"elementor-counter-number-wrapper\">\n\t\t\t\t<span class=\"elementor-counter-number-prefix\">+<\/span>\n\t\t\t\t<span class=\"elementor-counter-number\" data-duration=\"2000\" data-to-value=\"1000\" data-from-value=\"0\" data-delimiter=\",\">0<\/span>\n\t\t\t\t<span class=\"elementor-counter-number-suffix\"><\/span>\n\t\t\t<\/div>\n\t\t<\/div>\n\t\t\t\t\t\t<\/div>\n\t\t\t\t<\/div>\n\t\t\t\t\t<\/div>\n\t\t\t\t<\/div>\n\t\t\t\t<\/div>\n\t\t","protected":false},"excerpt":{"rendered":"<p>Sobre N\u00f3s Conhe\u00e7a a PersiStyle Fabrica de Persianas em PORTO ALEGRE A PersiStyle \u2013 Cortinas &amp; Persianas \u00e9 uma empresa especializada em conserto, manuten\u00e7\u00e3o, fabrica\u00e7\u00e3o e instala\u00e7\u00e3o de persianas e cortinas sob medida, atuando com excel\u00eancia, compromisso e aten\u00e7\u00e3o aos detalhes. Com sede em Porto Alegre, atendemos toda a regi\u00e3o com agilidade, pontualidade e um atendimento personalizado que valoriza as necessidades de cada cliente. Desde o in\u00edcio da nossa trajet\u00f3ria, nos destacamos pelo cuidado em cada projeto, seja em ambientes residenciais, comerciais ou corporativos. Nossa miss\u00e3o \u00e9 entregar solu\u00e7\u00f5es funcionais e est\u00e9ticas, com alto padr\u00e3o de acabamento, utilizando materiais de qualidade e m\u00e3o de obra especializada. Nosso diferencial est\u00e1 no atendimento pr\u00f3ximo e humano: escutamos, orientamos e desenvolvemos solu\u00e7\u00f5es que realmente fazem sentido para quem nos procura. Trabalhamos com agilidade, cumprimos prazos rigorosamente e prezamos pela transpar\u00eancia em todas as etapas do servi\u00e7o. Al\u00e9m dos consertos, oferecemos fabrica\u00e7\u00e3o sob medida, substitui\u00e7\u00e3o de pe\u00e7as, revitaliza\u00e7\u00e3o de mecanismos e consultoria para escolha de modelos e tecidos, sempre com foco em praticidade, durabilidade e beleza. Nosso Compromisso Qualidade em cada detalhe Atendimento personalizado Respeito aos prazos e ao cliente Solu\u00e7\u00f5es inteligentes para cada ambiente Excel\u00eancia no acabamento e na instala\u00e7\u00e3o Seja para renovar um ambiente, restaurar uma persiana antiga ou instalar um novo projeto, a PersiStyle \u2013 Cortinas &amp; Persianas est\u00e1 pronta para entregar confian\u00e7a, conforto e estilo para o seu espa\u00e7o. Solicitar Or\u00e7amento Clientes Satisfeitos + 0 Projetos Realizados 0 Obras Entregues + 0<\/p>\n","protected":false},"author":1,"featured_media":0,"parent":0,"menu_order":0,"comment_status":"closed","ping_status":"closed","template":"elementor_header_footer","meta":{"footnotes":""},"class_list":["post-11","page","type-page","status-publish","hentry"],"_links":{"self":[{"href":"https:\/\/persistylle.com.br\/index.php?rest_route=\/wp\/v2\/pages\/11","targetHints":{"allow":["GET"]}}],"collection":[{"href":"https:\/\/persistylle.com.br\/index.php?rest_route=\/wp\/v2\/pages"}],"about":[{"href":"https:\/\/persistylle.com.br\/index.php?rest_route=\/wp\/v2\/types\/page"}],"author":[{"embeddable":true,"href":"https:\/\/persistylle.com.br\/index.php?rest_route=\/wp\/v2\/users\/1"}],"replies":[{"embeddable":true,"href":"https:\/\/persistylle.com.br\/index.php?rest_route=%2Fwp%2Fv2%2Fcomments&post=11"}],"version-history":[{"count":0,"href":"https:\/\/persistylle.com.br\/index.php?rest_route=\/wp\/v2\/pages\/11\/revisions"}],"wp:attachment":[{"href":"https:\/\/persistylle.com.br\/index.php?rest_route=%2Fwp%2Fv2%2Fmedia&parent=11"}],"curies":[{"name":"wp","href":"https:\/\/api.w.org\/{rel}","templated":true}]}}